{"id":59,"date":"2022-04-29T17:24:59","date_gmt":"2022-04-29T20:24:59","guid":{"rendered":"https:\/\/dapwebsite.com.br\/portfolio1\/?post_type=product&#038;p=59"},"modified":"2022-07-27T17:49:45","modified_gmt":"2022-07-27T20:49:45","slug":"conjunto-mesa-de-jantar-off-white-dubai-135m-mdf-com-4-cadeiras-castanho-areia","status":"publish","type":"product","link":"https:\/\/dapwebsite.com.br\/portfolio1\/product\/conjunto-mesa-de-jantar-off-white-dubai-135m-mdf-com-4-cadeiras-castanho-areia\/","title":{"rendered":"Rel\u00f3gio Digital Lince Feminino MDG4619LBXKX"},"content":{"rendered":"<h2><\/h2>\n<table class=\"steelBlueCols\" width=\"409\">\n<tbody>\n<tr>\n<td>MARCA<\/td>\n<td>\u00a0Dobu\u00ea<\/td>\n<\/tr>\n<tr>\n<td>MODELO<\/td>\n<td>\u00a0Dubai<\/td>\n<\/tr>\n<tr>\n<td>COR<\/td>\n<td>\u00a0Castanho \/ Areia<\/td>\n<\/tr>\n<tr>\n<td>MATERIAL<\/td>\n<td>\u00a0MDP\/MDF produzido por madeiras provenientes de reflorestamento<\/td>\n<\/tr>\n<tr>\n<td>ACABAMENTO<\/td>\n<td>\u00a0Impress\u00e3o Ultravioleta\u00a0(UV)\u00a0\u2013 Textura BP<\/td>\n<\/tr>\n<tr>\n<td>TAMPO MESA<\/td>\n<td>\u00a0MDF,\u00a0fixo com verniz de alto brilho \u2013 25mm<\/td>\n<\/tr>\n<tr>\n<td>ACABAMENTO<\/td>\n<td>\u00a0Impress\u00e3o Ultravioleta (UV)<\/td>\n<\/tr>\n<tr>\n<td>P\u00c9S<\/td>\n<td>\u00a0N\u00e3o remov\u00edveis, feitos de MDF com Sapatas Pl\u00e1sticas<\/td>\n<\/tr>\n<tr>\n<td>TECIDO<\/td>\n<td>\u00a0Veloplus<\/td>\n<\/tr>\n<tr>\n<td>PESO MESA<\/td>\n<td>\u00a030\u00a0kg<\/td>\n<\/tr>\n<tr>\n<td>PESO CADEIRA<\/td>\n<td>\u00a09\u00a0kg<\/td>\n<\/tr>\n<tr>\n<td>ITENS DE MONTAGEM<\/td>\n<td>\u00a0Parafusos, cavilhas e cantoneiras<\/td>\n<\/tr>\n<tr>\n<td>ITENS INCLUSOS<\/td>\n<td>\u00a01 Mesa, 4\u00a0Cadeiras, acess\u00f3rios e manual para montagem<\/td>\n<\/tr>\n<\/tbody>\n<\/table>\n<p>&nbsp;<\/p>\n<p>&nbsp;<\/p>\n<hr \/>\n<p>&nbsp;<\/p>\n<p>A ESPLANADA M\u00d3VEIS se responsabilizar\u00e1 pela entrega dos produtos adquiridos at\u00e9 a porta de entrada ou portaria do endere\u00e7o indicado. Esclarecemos que n\u00e3o nos responsabilizamos por montagens, desmontagens e instala\u00e7\u00f5es, ficando assim sob responsabilidade do cliente. Confira as dimens\u00f5es do produto no momento da compra e certifique-se de que o item passar\u00e1 normalmente por elevadores, portas, escadas e\/ou corredores, evitando assim futuros desagrados ou imprevistos com a entrega.<\/p>\n<p>Foto ilustrativa. A tonalidade de cor pode variar entre pe\u00e7as diferentes. Al\u00e9m disso, a percep\u00e7\u00e3o das cores do produto pode ser um pouco diferente da mostrada na foto do an\u00fancio em fun\u00e7\u00e3o da luminosidade do ambiente, calibra\u00e7\u00e3o do monitor ou aparelho usado para visualiza\u00e7\u00e3o da foto.<\/p>\n","protected":false},"excerpt":{"rendered":"<p>A ESPLANADA M\u00d3VEIS se responsabilizar\u00e1 pela entrega dos produtos adquiridos at\u00e9 a porta de entrada ou portaria do endere\u00e7o indicado. Esclarecemos que n\u00e3o nos responsabilizamos por montagens, desmontagens e instala\u00e7\u00f5es, ficando assim sob responsabilidade do cliente. Confira as dimens\u00f5es do produto no momento da compra e certifique-se de que o item passar\u00e1 normalmente por elevadores, portas, escadas e\/ou corredores, evitando assim futuros desagrados ou imprevistos com a entrega.<\/p>\n","protected":false},"featured_media":704,"comment_status":"open","ping_status":"closed","template":"","meta":[],"product_cat":[58,63],"product_tag":[],"class_list":["post-59","product","type-product","status-publish","has-post-thumbnail","hentry","product_cat-feminino","product_cat-lince"],"_links":{"self":[{"href":"https:\/\/dapwebsite.com.br\/portfolio1\/wp-json\/wp\/v2\/product\/59"}],"collection":[{"href":"https:\/\/dapwebsite.com.br\/portfolio1\/wp-json\/wp\/v2\/product"}],"about":[{"href":"https:\/\/dapwebsite.com.br\/portfolio1\/wp-json\/wp\/v2\/types\/product"}],"replies":[{"embeddable":true,"href":"https:\/\/dapwebsite.com.br\/portfolio1\/wp-json\/wp\/v2\/comments?post=59"}],"wp:featuredmedia":[{"embeddable":true,"href":"https:\/\/dapwebsite.com.br\/portfolio1\/wp-json\/wp\/v2\/media\/704"}],"wp:attachment":[{"href":"https:\/\/dapwebsite.com.br\/portfolio1\/wp-json\/wp\/v2\/media?parent=59"}],"wp:term":[{"taxonomy":"product_cat","embeddable":true,"href":"https:\/\/dapwebsite.com.br\/portfolio1\/wp-json\/wp\/v2\/product_cat?post=59"},{"taxonomy":"product_tag","embeddable":true,"href":"https:\/\/dapwebsite.com.br\/portfolio1\/wp-json\/wp\/v2\/product_tag?post=59"}],"curies":[{"name":"wp","href":"https:\/\/api.w.org\/{rel}","templated":true}]}}