{"id":72,"date":"2022-04-29T18:32:25","date_gmt":"2022-04-29T21:32:25","guid":{"rendered":"https:\/\/dapwebsite.com.br\/portfolio1\/?post_type=product&#038;p=72"},"modified":"2022-10-26T15:57:21","modified_gmt":"2022-10-26T18:57:21","slug":"sofa-3-lugares-living-pe-palito-linho-cotton-cinza-210-cm","status":"publish","type":"product","link":"https:\/\/dapwebsite.com.br\/portfolio1\/product\/sofa-3-lugares-living-pe-palito-linho-cotton-cinza-210-cm\/","title":{"rendered":"Rel\u00f3gio Digital Masculino Speedo"},"content":{"rendered":"<h2><\/h2>\n<div id=\"info-section\" class=\"src__WrapperProductInfo-sc-13f3i2j-1 czDBal\">\n<div class=\"src__Description-sc-13f3i2j-3 iTcIrv\">Que tal o Sof\u00e1 Living?Para receber os amigos e familiares com muita eleg\u00e2ncia e conforto ou mesmo ficar aconchegante enquanto assiste a um filme ou l\u00ea um livro, o Sof\u00e1 Living \u00e9 a op\u00e7\u00e3o ideal. O design aposta na simplicidade das linhas e das formas, perfeito para um ambiente contempor\u00e2neo ou retr\u00f4. Todo o charme do m\u00f3vel est\u00e1 nos p\u00e9s em formato palito e na possibilidade que ele te d\u00e1 de fazer uma combina\u00e7\u00e3o diferente sempre que quiser mudar o seu ambiente. Legal, n\u00e9?<\/div>\n<div><\/div>\n<div><strong>Ficha T\u00e9cnica<\/strong><\/div>\n<div><\/div>\n<\/div>\n<div class=\"src__DeskWrapper-sc-70o4ee-4 kgeEqy\">\n<table class=\"src__SpecsCell-sc-70o4ee-6 gAUMqG\">\n<tbody>\n<tr class=\"src__View-sc-70o4ee-7 XVhZW\">\n<td class=\"src__Text-sc-70o4ee-8 hayRRx\">C\u00f3digo<\/td>\n<td class=\"src__Text-sc-70o4ee-8 hayRRx\">78761622<\/td>\n<\/tr>\n<tr class=\"src__View-sc-70o4ee-7 XVhZW\">\n<td class=\"src__Text-sc-70o4ee-8 hayRRx\">C\u00f3digo de barras<\/td>\n<td class=\"src__Text-sc-70o4ee-8 hayRRx\">7909659002027<\/td>\n<\/tr>\n<tr class=\"src__View-sc-70o4ee-7 XVhZW\">\n<td class=\"src__Text-sc-70o4ee-8 hayRRx\">Cor<\/td>\n<td class=\"src__Text-sc-70o4ee-8 hayRRx\">Cinza<\/td>\n<\/tr>\n<tr class=\"src__View-sc-70o4ee-7 XVhZW\">\n<td class=\"src__Text-sc-70o4ee-8 hayRRx\">Material<\/td>\n<td class=\"src__Text-sc-70o4ee-8 hayRRx\">Linho<\/td>\n<\/tr>\n<tr class=\"src__View-sc-70o4ee-7 XVhZW\">\n<td class=\"src__Text-sc-70o4ee-8 hayRRx\">Produto<\/td>\n<td class=\"src__Text-sc-70o4ee-8 hayRRx\">Sof\u00e1<\/td>\n<\/tr>\n<tr class=\"src__View-sc-70o4ee-7 XVhZW\">\n<td class=\"src__Text-sc-70o4ee-8 hayRRx\">Largura<\/td>\n<td class=\"src__Text-sc-70o4ee-8 hayRRx\">210 cm<\/td>\n<\/tr>\n<tr class=\"src__View-sc-70o4ee-7 XVhZW\">\n<td class=\"src__Text-sc-70o4ee-8 hayRRx\">Modelo<\/td>\n<td class=\"src__Text-sc-70o4ee-8 hayRRx\">Living<\/td>\n<\/tr>\n<tr class=\"src__View-sc-70o4ee-7 XVhZW\">\n<td class=\"src__Text-sc-70o4ee-8 hayRRx\">Tipo de Produto<\/td>\n<td class=\"src__Text-sc-70o4ee-8 hayRRx\">Cama<\/td>\n<\/tr>\n<tr class=\"src__View-sc-70o4ee-7 XVhZW\">\n<td class=\"src__Text-sc-70o4ee-8 hayRRx\">Marca<\/td>\n<td class=\"src__Text-sc-70o4ee-8 hayRRx\">Mobly<\/td>\n<\/tr>\n<tr class=\"src__View-sc-70o4ee-7 XVhZW\">\n<td class=\"src__Text-sc-70o4ee-8 hayRRx\">N\u00famero de Lugares<\/td>\n<td class=\"src__Text-sc-70o4ee-8 hayRRx\">3 Lugares<\/td>\n<\/tr>\n<tr class=\"src__View-sc-70o4ee-7 XVhZW\">\n<td class=\"src__Text-sc-70o4ee-8 hayRRx\">Desmont\u00e1vel<\/td>\n<td class=\"src__Text-sc-70o4ee-8 hayRRx\">0<\/td>\n<\/tr>\n<tr class=\"src__View-sc-70o4ee-7 XVhZW\">\n<td class=\"src__Text-sc-70o4ee-8 hayRRx\">Quantidade de pe\u00e7as<\/td>\n<td class=\"src__Text-sc-70o4ee-8 hayRRx\">1 pe\u00e7a<\/td>\n<\/tr>\n<tr class=\"src__View-sc-70o4ee-7 XVhZW\">\n<td class=\"src__Text-sc-70o4ee-8 hayRRx\">Tipo de assento<\/td>\n<td class=\"src__Text-sc-70o4ee-8 hayRRx\">Fixo<\/td>\n<\/tr>\n<tr class=\"src__View-sc-70o4ee-7 XVhZW\">\n<td class=\"src__Text-sc-70o4ee-8 hayRRx\">Tipo de p\u00e9<\/td>\n<td class=\"src__Text-sc-70o4ee-8 hayRRx\">Fixo<\/td>\n<\/tr>\n<tr class=\"src__View-sc-70o4ee-7 XVhZW\">\n<td class=\"src__Text-sc-70o4ee-8 hayRRx\">Sof\u00e1 \u2013 cama<\/td>\n<td class=\"src__Text-sc-70o4ee-8 hayRRx\">0<\/td>\n<\/tr>\n<tr class=\"src__View-sc-70o4ee-7 XVhZW\">\n<td class=\"src__Text-sc-70o4ee-8 hayRRx\">Tipo<\/td>\n<td class=\"src__Text-sc-70o4ee-8 hayRRx\">Fixo<\/td>\n<\/tr>\n<tr class=\"src__View-sc-70o4ee-7 XVhZW\">\n<td class=\"src__Text-sc-70o4ee-8 hayRRx\">Peso suportado por assento ( kg )<\/td>\n<td class=\"src__Text-sc-70o4ee-8 hayRRx\">105.00<\/td>\n<\/tr>\n<tr class=\"src__View-sc-70o4ee-7 XVhZW\">\n<td class=\"src__Text-sc-70o4ee-8 hayRRx\">Nbm<\/td>\n<td class=\"src__Text-sc-70o4ee-8 hayRRx\">foo<\/td>\n<\/tr>\n<tr class=\"src__View-sc-70o4ee-7 XVhZW\">\n<td class=\"src__Text-sc-70o4ee-8 hayRRx\">Material do enchimento do encosto<\/td>\n<td class=\"src__Text-sc-70o4ee-8 hayRRx\">Espuma D23<\/td>\n<\/tr>\n<tr class=\"src__View-sc-70o4ee-7 XVhZW\">\n<td class=\"src__Text-sc-70o4ee-8 hayRRx\">Peso da embalagem c\/ produto (kg)<\/td>\n<td class=\"src__Text-sc-70o4ee-8 hayRRx\">95.000<\/td>\n<\/tr>\n<tr class=\"src__View-sc-70o4ee-7 XVhZW\">\n<td class=\"src__Text-sc-70o4ee-8 hayRRx\">Produto precisa de montagem ?<\/td>\n<td class=\"src__Text-sc-70o4ee-8 hayRRx\">Sim, instala\u00e7\u00e3o dos p\u00e9s<\/td>\n<\/tr>\n<tr class=\"src__View-sc-70o4ee-7 XVhZW\">\n<td class=\"src__Text-sc-70o4ee-8 hayRRx\">Comprimento do produto ( cm )<\/td>\n<td class=\"src__Text-sc-70o4ee-8 hayRRx\">80<\/td>\n<\/tr>\n<tr class=\"src__View-sc-70o4ee-7 XVhZW\">\n<td class=\"src__Text-sc-70o4ee-8 hayRRx\">Material dos p\u00e9s<\/td>\n<td class=\"src__Text-sc-70o4ee-8 hayRRx\">Pinus<\/td>\n<\/tr>\n<tr class=\"src__View-sc-70o4ee-7 XVhZW\">\n<td class=\"src__Text-sc-70o4ee-8 hayRRx\">Material do enchimento do assento<\/td>\n<td class=\"src__Text-sc-70o4ee-8 hayRRx\">Espuma D16<\/td>\n<\/tr>\n<tr class=\"src__View-sc-70o4ee-7 XVhZW\">\n<td class=\"src__Text-sc-70o4ee-8 hayRRx\">\u00c9 girat\u00f3rio<\/td>\n<td class=\"src__Text-sc-70o4ee-8 hayRRx\">N\u00e3o<\/td>\n<\/tr>\n<tr class=\"src__View-sc-70o4ee-7 XVhZW\">\n<td class=\"src__Text-sc-70o4ee-8 hayRRx\">Altura (cm)<\/td>\n<td class=\"src__Text-sc-70o4ee-8 hayRRx\">79<\/td>\n<\/tr>\n<tr class=\"src__View-sc-70o4ee-7 XVhZW\">\n<td class=\"src__Text-sc-70o4ee-8 hayRRx\">Tipo de mola<\/td>\n<td class=\"src__Text-sc-70o4ee-8 hayRRx\">Mola Nanolastic<\/td>\n<\/tr>\n<tr class=\"src__View-sc-70o4ee-7 XVhZW\">\n<td class=\"src__Text-sc-70o4ee-8 hayRRx\">Controle remoto<\/td>\n<td class=\"src__Text-sc-70o4ee-8 hayRRx\">0<\/td>\n<\/tr>\n<tr class=\"src__View-sc-70o4ee-7 XVhZW\">\n<td class=\"src__Text-sc-70o4ee-8 hayRRx\">Possui ba\u00fa ?<\/td>\n<td class=\"src__Text-sc-70o4ee-8 hayRRx\">N\u00e3o<\/td>\n<\/tr>\n<tr class=\"src__View-sc-70o4ee-7 XVhZW\">\n<td class=\"src__Text-sc-70o4ee-8 hayRRx\">Tipo de encosto<\/td>\n<td class=\"src__Text-sc-70o4ee-8 hayRRx\">Fixo<\/td>\n<\/tr>\n<tr class=\"src__View-sc-70o4ee-7 XVhZW\">\n<td class=\"src__Text-sc-70o4ee-8 hayRRx\">Peso suportado ( kg )<\/td>\n<td class=\"src__Text-sc-70o4ee-8 hayRRx\">240<\/td>\n<\/tr>\n<tr class=\"src__View-sc-70o4ee-7 XVhZW\">\n<td class=\"src__Text-sc-70o4ee-8 hayRRx\">Largura (cm)<\/td>\n<td class=\"src__Text-sc-70o4ee-8 hayRRx\">210<\/td>\n<\/tr>\n<tr class=\"src__View-sc-70o4ee-7 XVhZW\">\n<td class=\"src__Text-sc-70o4ee-8 hayRRx\">Conte\u00fado da embalagem<\/td>\n<td class=\"src__Text-sc-70o4ee-8 hayRRx\">1 Sof\u00e1 \u2013 Entregue em: 1 Volume<\/td>\n<\/tr>\n<tr class=\"src__View-sc-70o4ee-7 XVhZW\">\n<td class=\"src__Text-sc-70o4ee-8 hayRRx\">Instru\u00e7\u00f5es \/ cuidados<\/td>\n<td class=\"src__Text-sc-70o4ee-8 hayRRx\">N\u00e3o expor ao sol e n\u00e3o usar produtos qu\u00edmicos<\/td>\n<\/tr>\n<tr class=\"src__View-sc-70o4ee-7 XVhZW\">\n<td class=\"src__Text-sc-70o4ee-8 hayRRx\">Dimens\u00f5es aproximadas da embalagem c\/ produto (AxLxP)<\/td>\n<td class=\"src__Text-sc-70o4ee-8 hayRRx\">Altura: 79 cm | Largura: 210 cm | Profundidade: 80 cm<\/td>\n<\/tr>\n<tr class=\"src__View-sc-70o4ee-7 XVhZW\">\n<td class=\"src__Text-sc-70o4ee-8 hayRRx\">Caracter\u00edsticas especiais<\/td>\n<td class=\"src__Text-sc-70o4ee-8 hayRRx\">Fixo<\/td>\n<\/tr>\n<tr class=\"src__View-sc-70o4ee-7 XVhZW\">\n<td class=\"src__Text-sc-70o4ee-8 hayRRx\">Altura do assento ( cm )<\/td>\n<td class=\"src__Text-sc-70o4ee-8 hayRRx\">43<\/td>\n<\/tr>\n<tr class=\"src__View-sc-70o4ee-7 XVhZW\">\n<td class=\"src__Text-sc-70o4ee-8 hayRRx\">Acompanha banco \/ puff<\/td>\n<td class=\"src__Text-sc-70o4ee-8 hayRRx\">N\u00e3o<\/td>\n<\/tr>\n<tr class=\"src__View-sc-70o4ee-7 XVhZW\">\n<td class=\"src__Text-sc-70o4ee-8 hayRRx\">Material da estrutura<\/td>\n<td class=\"src__Text-sc-70o4ee-8 hayRRx\">Pinus<\/td>\n<\/tr>\n<\/tbody>\n<\/table>\n<\/div>\n","protected":false},"excerpt":{"rendered":"<p>Que tal o Sof\u00e1 Living?Para receber os amigos e familiares com muita eleg\u00e2ncia e conforto ou mesmo ficar aconchegante enquanto assiste a um filme ou l\u00ea um livro, o Sof\u00e1 Living \u00e9 a op\u00e7\u00e3o ideal. O design aposta na simplicidade das linhas e das formas, perfeito para um ambiente contempor\u00e2neo ou retr\u00f4. Todo o charme do m\u00f3vel est\u00e1 nos p\u00e9s em formato palito e na possibilidade que ele te d\u00e1 de fazer uma combina\u00e7\u00e3o diferente sempre que quiser mudar o seu ambiente. Legal, n\u00e9?<\/p>\n","protected":false},"featured_media":698,"comment_status":"open","ping_status":"closed","template":"","meta":[],"product_cat":[17,61],"product_tag":[],"class_list":["post-72","product","type-product","status-publish","has-post-thumbnail","hentry","product_cat-masculino","product_cat-speedo"],"_links":{"self":[{"href":"https:\/\/dapwebsite.com.br\/portfolio1\/wp-json\/wp\/v2\/product\/72"}],"collection":[{"href":"https:\/\/dapwebsite.com.br\/portfolio1\/wp-json\/wp\/v2\/product"}],"about":[{"href":"https:\/\/dapwebsite.com.br\/portfolio1\/wp-json\/wp\/v2\/types\/product"}],"replies":[{"embeddable":true,"href":"https:\/\/dapwebsite.com.br\/portfolio1\/wp-json\/wp\/v2\/comments?post=72"}],"wp:featuredmedia":[{"embeddable":true,"href":"https:\/\/dapwebsite.com.br\/portfolio1\/wp-json\/wp\/v2\/media\/698"}],"wp:attachment":[{"href":"https:\/\/dapwebsite.com.br\/portfolio1\/wp-json\/wp\/v2\/media?parent=72"}],"wp:term":[{"taxonomy":"product_cat","embeddable":true,"href":"https:\/\/dapwebsite.com.br\/portfolio1\/wp-json\/wp\/v2\/product_cat?post=72"},{"taxonomy":"product_tag","embeddable":true,"href":"https:\/\/dapwebsite.com.br\/portfolio1\/wp-json\/wp\/v2\/product_tag?post=72"}],"curies":[{"name":"wp","href":"https:\/\/api.w.org\/{rel}","templated":true}]}}